{"id":257,"date":"2025-03-06T08:47:25","date_gmt":"2025-03-06T08:47:25","guid":{"rendered":"https:\/\/sueddeutsche-edit.grc-media.com\/?page_id=257"},"modified":"2025-12-01T11:44:48","modified_gmt":"2025-12-01T11:44:48","slug":"datenschutz-datenschutzerklarung","status":"publish","type":"page","link":"https:\/\/sueddeutsche.grc-media.com\/finanzvergleich\/datenschutz-datenschutzerklarung\/","title":{"rendered":"Datenschutz &#038; Datenschutzerkl\u00e4rung"},"content":{"rendered":"<div id=\"cs-content\" class=\"cs-content\"><div class=\"x-section e257-e1 m75-0 m75-1\"><div class=\"x-row x-container max width e257-e2 m75-3 m75-4 m75-5 m75-6 m75-7 m75-f m75-g\"><div class=\"x-row-inner\"><div class=\"x-col e257-e3 m75-n\"><div class=\"x-text x-text-headline e257-e4 m75-t\"><div class=\"x-text-content\"><div class=\"x-text-content-text\"><h1 class=\"x-text-content-text-primary\">Datenschutz & Datenschutzerkl\u00e4rung<\/h1>\n<\/div><\/div><\/div><div class=\"x-text x-content e257-e5 m75-u m75-v\"><p>Mit diesem Datenschutzhinweis m\u00f6chten wir Sie in \u00dcbereinstimmung mit der Allgemeinen Datenschutzverordnung (GDPR) dar\u00fcber informieren, wie wir Ihre personenbezogenen Daten im Zusammenhang mit der Nutzung unserer Webseite zum Vergleich von Finanzprodukten und -dienstleistungen verarbeiten. Bitte nehmen Sie sich einen Moment Zeit, um sich mit diesem Hinweis vertraut zu machen.<\/p>\n<p><strong>Name und Kontaktdaten des Verantwortlichen<\/strong><\/p>\n<p>Verantwortlicher f\u00fcr die Datenverarbeitung im Sinne des Art. 4 Nr. 7 GDPR ist:<\/p>\n<p><strong>GRC Media AB<\/strong><\/p>\n<p>Medborgarplatsen 25<\/p>\n<p>118 72 Stockholm<\/p>\n<p>Schweden<\/p>\n<p>E-Mail: <a href=\"mailto:contact@grc-media.com\">contact@grc-media.com <\/a><\/p>\n<p>(im Folgenden auch \"wir\" oder \"uns\").<\/p>\n<p><strong>Kontaktinformationen des Datenschutzbeauftragten <\/strong><\/p>\n<p>Wir haben einen Datenschutzbeauftragten ernannt, den Sie unter folgender E-Mail-Adresse erreichen k\u00f6nnen: <a href=\"mailto:privacy@grc-media.com\">privacy@grc-media.com<\/a>.<\/p>\n<p><strong>Arten von personenbezogenen Daten <\/strong><\/p>\n<p>Wir verarbeiten personenbezogene Daten, die Sie uns zur Verf\u00fcgung stellen oder die wir \u00fcber die Webseite sammeln. Bitte beachten Sie, dass die verarbeiteten personenbezogenen Daten je nach dem Zweck der Datenverarbeitung variieren k\u00f6nnen. Wir k\u00f6nnen die folgenden Kategorien von personenbezogenen Daten von Ihnen verarbeiten:<\/p>\n\n<ul>\n \t<li>Kontaktdaten (z.B. Name, E-Mail Adresse),<\/li>\n \t<li>Kommunikationsinhalte (bei Verwendung unseres Kontaktformulars),<\/li>\n \t<li>Server-Protokolldaten (z. B. IP-Adresse des Internetnutzers, User-Agent: Browser(typ) und Betriebssystem des Internetnutzers, besuchte Domain, Referrer-URL, Uhrzeit der Serveranfrage, Serveranfragen, Statuscode, \u00fcbertragene Bytes),<\/li>\n \t<li>Nutzungsdaten (z. B. Nutzerklicks), Ger\u00e4teinformationen und Metadaten.<\/li>\n<\/ul>\n<p><strong>Zwecke der Datenverarbeitung <\/strong><\/p>\n<p>Wir verarbeiten Ihre personenbezogenen Daten in dem Umfang, der f\u00fcr die folgenden Zwecke erforderlich ist:<\/p>\n\n<ul>\n \t<li>die korrekte und sichere Bereitstellung der Webseite,<\/li>\n \t<li>Vergleich von Krediten und Kreditkarten, insbesondere wie sie - in \u00dcbereinstimmung mit Ihrer Zustimmung - von Verivox Finanzvergleich GmbH, Max-Jarecki-Stra\u00dfe 21, 69115 Heidelberg, Germany (Privacy Notice of Verivox) bereitgestellt werden.<\/li>\n \t<li>die Anpassung des Webseiteninhalt,<\/li>\n \t<li>die Analyse Ihrer Pr\u00e4ferenzen sowie der Nutzung unserer Webseite, um unsere diese zu verbessern,<\/li>\n \t<li>die Bearbeitung Ihrer Anfragen.<\/li>\n<\/ul>\n<p><strong>Rechtsgrundlage der Datenverarbeitung <\/strong><\/p>\n<p>Wir verarbeiten Ihre personenbezogenen Daten ausschlie\u00dflich im Einklang mit den europ\u00e4ischen und deutschen Datenschutzbestimmungen, insbesondere der Datenschutzgrundverordnung (GDPR), dem Bundesdatenschutzgesetz (BDSG) oder dem Telekommunikations- und Mediendatenschutzgesetz (TTDSG).<\/p>\n<p>Konkret bedeutet dies, dass wir Ihre personenbezogenen Daten insbesondere dann verarbeiten, wenn, soweit und so lange:<\/p>\n\n<ul>\n \t<li>Sie Ihre Einwilligung gegeben haben (Art. 6 (1) (a) GDPR),<\/li>\n \t<li>sie f\u00fcr die Erf\u00fcllung eines Vertrages mit Ihnen oder f\u00fcr die Durchf\u00fchrung vorvertraglicher Ma\u00dfnahmen, die auf Ihren Wunsch hin erfolgen, erforderlich sind ( Art. 6 (1) (b) GDPR),<\/li>\n \t<li>sie f\u00fcr die Erf\u00fcllung rechtlicher Verpflichtungen, denen wir unterliegen, erforderlich sind ( Art. 6 (1) (c) GDPR) oder es zur Wahrung berechtigter Interessen von uns oder von Dritten erforderlich ist (Art. 6 (1) (f) GDPR), wie z.B. die korrekte und sichere Lieferung \/ Bereitstellung der Webseite oder die Bearbeitung Ihrer Anfragen.<\/li>\n<\/ul>\n<p>Wenn wir in Ausnahmef\u00e4llen sogenannte besondere Kategorien personenbezogener Daten (Daten, aus denen die ethnische Herkunft, politische Meinungen, religi\u00f6se oder philosophische \u00dcberzeugungen oder die Gewerkschaftszugeh\u00f6rigkeit hervorgehen, sowie die Verarbeitung von genetischen Daten, biometrischen Daten zur eindeutigen Identifizierung einer Person, Gesundheitsdaten oder Daten zum Sexualleben oder zur sexuellen Orientierung) \u00fcber Sie verarbeiten, geschieht dies nur, soweit und solange Sie uns Ihre ausdr\u00fcckliche Einwilligung erteilt haben (Art. 9 (2) (a) GDPR), es sich um personenbezogene Daten handelt, die Sie offenkundig \u00f6ffentlich gemacht haben (Art. 9 (2) (e) GDPR) oder es zur Geltendmachung, Aus\u00fcbung oder Verteidigung von Rechtsanspr\u00fcchen erforderlich ist (Art. 9 (2) (f) GDPR).<\/p>\n<p>Informationen \u00fcber die Rechtsgrundlage f\u00fcr Cookies finden Sie in Abschnitt 13.<\/p>\n<p><strong>Empf\u00e4nger oder Kategorien von Empf\u00e4ngern von personenbezogenen Daten <\/strong><\/p>\n<p>Wir geben Ihre personenbezogenen Daten nur dann an andere Empf\u00e4nger weiter, wenn dies zur Erf\u00fcllung der beschriebenen Zwecke erforderlich ist, Sie uns Ihre Einwilligung dazu gegeben haben oder wir gesetzlich oder durch eine gerichtliche oder beh\u00f6rdliche Anordnung dazu verpflichtet sind. Wir k\u00f6nnen Ihre Daten an IT-Dienstleister, IT-Sicherheitsdienstleister und Marketingdienstleister, externe Berater oder Verwaltungsbeh\u00f6rden (z. B. Steuerbeh\u00f6rden) weitergeben.<\/p>\n<p><strong>\u00dcbermittlung personenbezogener Daten an Drittstaaten <\/strong><\/p>\n<p>Die Verarbeitung Ihrer personenbezogenen Daten erfolgt grunds\u00e4tzlich in Deutschland und in anderen europ\u00e4ischen L\u00e4ndern. Sofern Ihre personenbezogenen Daten in L\u00e4ndern au\u00dferhalb der Europ\u00e4ischen Union oder des Europ\u00e4ischen Wirtschaftsraums (sog. Drittstaaten) verarbeitet werden, erfolgt dies nur, soweit durch bestimmte Schutzma\u00dfnahmen sichergestellt ist, dass f\u00fcr diesen Zweck ein angemessenes Datenschutzniveau besteht. Typischerweise ergreifen wir zu diesem Zweck die folgenden Schutzma\u00dfnahmen:<\/p>\n\n<ul>\n \t<li>Angemessenheitsentscheidung der EU-Kommission: Empf\u00e4nger in Andorra, Argentinien, Kanada, F\u00e4r\u00f6er Inseln, Guernsey, Israel, Isle of Man, Japan, Jersey, Neuseeland, Schweiz, Vereinigtes K\u00f6nigreich, Uruguay (Weitere Informationen unter <a href=\"https:\/\/ec.europa.eu\/info\/law\/law-topic\/data-protection\/international-dimension-data-protection\/adequacy-decisions_en\">https:\/\/ec.europa.eu\/info\/law\/law-topic\/data-protection\/international-dimension-data-protection\/adequacy-decisions_en<\/a>).<\/li>\n \t<li>Standardvertragsklauseln: andere Empf\u00e4nger, insbesondere in den USA (Weitere Informationen unter <a href=\"https:\/\/ec.europa.eu\/info\/law\/law-topic\/data-protection\/international-dimension-data-protection\/standard-contractual-clauses-scc_en\">https:\/\/ec.europa.eu\/info\/law\/law-topic\/data-protection\/international-dimension-data-protection\/standard-contractual-clauses-scc_en<\/a>)<\/li>\n \t<li>Ausnahmen gem\u00e4\u00df Artikel 49 der Datenschutz-Grundverordnung: Andere Empf\u00e4nger.<\/li>\n<\/ul>\n<p>Weitere Informationen \u00fcber die \u00dcbermittlung in Drittstaaten oder Kopien dieser Ma\u00dfnahmen k\u00f6nnen unter den oben genannten Kontaktadressen angefordert werden.<\/p>\n<p><strong>Aufbewahrungsfrist <\/strong><\/p>\n<p>Wir bewahren Ihre personenbezogenen Daten nur so lange auf, wie es zur Erf\u00fcllung der beschriebenen Zwecke erforderlich ist. Die \u00dcberpr\u00fcfung der daf\u00fcr erforderlichen Zeitr\u00e4ume erfolgt durch sorgf\u00e4ltige Abw\u00e4gung, in deren Verlauf wir die Notwendigkeit der Datenverarbeitung genau pr\u00fcfen:<\/p>\n\n<ul>\n \t<li>Wenn wir Ihre personenbezogenen Daten auf der Grundlage Ihrer Einwilligung verarbeiten, werden wir sie in der Regel so lange aufbewahren, bis Sie Ihre Einwilligung widerrufen.<\/li>\n \t<li>Wir bewahren Ihre personenbezogenen Daten insbesondere auf, soweit dies zur Erf\u00fcllung unserer vertraglichen und gesetzlichen Pflichten oder zur Beweissicherung im Rahmen der gesetzlichen Verj\u00e4hrungsvorschriften erforderlich ist. Die wichtigsten gesetzlichen Aufbewahrungspflichten ergeben sich aus \u00a7 257 des Handelsgesetzbuches (HGB) und \u00a7 147 der Abgabenordnung (AO) und betragen sechs bzw. zehn Jahre. Die gesetzlichen Verj\u00e4hrungsfristen k\u00f6nnen gem\u00e4\u00df \u00a7\u00a7 195 ff. des B\u00fcrgerlichen Gesetzbuches (BGB) bis zu drei\u00dfig Jahre betragen, wobei die regelm\u00e4\u00dfige Verj\u00e4hrungsfrist drei Jahre betr\u00e4gt.<\/li>\n<\/ul>\n<p>Nach Ablauf der geltenden Aufbewahrungsfristen werden wir Ihre personenbezogenen Daten sicher l\u00f6schen oder anonymisieren.<\/p>\n<p><strong>Freiwilligkeit oder Verpflichtung zur Bereitstellung der Daten <\/strong><\/p>\n<p>Im Rahmen der Nutzung unserer Webseite m\u00fcssen Sie uns nur die personenbezogenen Daten zur Verf\u00fcgung stellen, die f\u00fcr die Nutzung unserer Webseite und die Erf\u00fcllung der damit verbundenen vertraglichen Pflichten erforderlich sind, oder die personenbezogenen Daten, zu deren Erhebung wir gesetzlich verpflichtet sind. Wenn Sie uns diese Daten nicht zur Verf\u00fcgung stellen, k\u00f6nnen wir Ihnen unsere Webseite regelm\u00e4\u00dfig nicht zur Verf\u00fcgung stellen.<\/p>\n<p><strong>Quelle Ihrer personenbezogenen Daten<\/strong><\/p>\n<p>Wir verarbeiten personenbezogene Daten, die wir im Zuge der Nutzung unserer Webseite direkt von Ihnen erhalten.<\/p>\n<p><strong>Rechte der betroffenen Personen <\/strong><\/p>\n<p>Nach der Datenschutz-Grundverordnung haben Sie verschiedene Rechte als Datensubjekt. Bitte haben Sie Verst\u00e4ndnis daf\u00fcr, dass einzelne Rechte in bestimmten F\u00e4llen eingeschr\u00e4nkt werden k\u00f6nnen. Sollte dies der Fall sein, werden wir Sie \u00fcber den Grund informieren:<\/p>\n\n<ul>\n \t<li>Recht auf Widerruf der Einwilligung, ohne dass die Rechtm\u00e4\u00dfigkeit der auf der Einwilligung beruhenden Verarbeitung vor dem Widerruf ber\u00fchrt wird (Art. 7 (3) GDPR)<\/li>\n \t<li>Recht auf Zugriff (Art. 15 GDPR)<\/li>\n \t<li>Recht auf Berichtigung (Art. 16 GDPR)<\/li>\n \t<li>Recht auf L\u00f6schung (Art. 17 GDPR)<\/li>\n \t<li>Recht auf Einschr\u00e4nkung der Datenverarbeitung (Art. 18 GDPR)<\/li>\n \t<li>Recht auf Daten\u00fcbertragbarkeit (Art. 20 GDPR)<\/li>\n \t<li>Recht auf Widerspruch (Art. 21 GDPR)<\/li>\n<\/ul>\n<p>Zur Aus\u00fcbung dieser Rechte (Weitere Informationen finden Sie unter https:\/\/ec.europa.eu\/info\/law\/law-topic\/data-protection\/reform\/rights-citizens\/my-rights_de), kontaktieren Sie uns bitte wie oben angegeben. Wenn Sie der Meinung sind, dass wir bei der Verarbeitung Ihrer personenbezogenen Daten die Datenschutzbestimmungen nicht eingehalten haben, k\u00f6nnen Sie eine Beschwerde bei der zust\u00e4ndigen Aufsichtsbeh\u00f6rde gem\u00e4\u00df Art. 77 GDPR einreichen.<\/p>\n<p><strong>Vorliegen einer automatisierten Entscheidungsfindung<\/strong><\/p>\n<p>Wir verwenden keine automatisierte Entscheidungsfindung, einschlie\u00dflich Profiling, im Sinne von Art. 22 GDPR.<\/p>\n<p><strong>Cookies <\/strong><\/p>\n<p>Wir k\u00f6nnen auf unserer Webseite Cookies verwenden. Cookies sind kleine Textdateien, die Ihr Webbrowser auf Ihrem Ger\u00e4t (z. B. Ihrem Computer, Mobiltelefon, Notebook, Tablet) hinterl\u00e4sst. Im Allgemeinen verwenden wir Cookies, die unbedingt notwendig sind, um Ihre Pr\u00e4ferenzen zu speichern, wie z. B. Ihre Spracheinstellungen. Im Falle der Anpassung unserer Webseiteninhalte, der Analyse von Pr\u00e4ferenzen sowie der Nutzung zur Verbesserung unserer Webseite werden wir Cookies nur mit Ihrer ausdr\u00fccklichen Zustimmung verwenden (\u00a7 25 (2) TTDSG). Diese Einwilligung k\u00f6nnen Sie jederzeit widerrufen. Der Widerruf der Einwilligung l\u00e4sst die Rechtm\u00e4\u00dfigkeit der aufgrund der Einwilligung bis zum Widerruf erfolgten Nutzung von Cookies unber\u00fchrt.<\/p><\/div><\/div><\/div><\/div><\/div><div class=\"x-section e257-e6 m75-0 m75-2\"><div class=\"x-row e257-e7 m75-3 m75-4 m75-5 m75-6 m75-7 m75-f m75-h\"><div class=\"x-row-inner\"><div class=\"x-col e257-e8 m75-n\"><div class=\"x-section e257-e9 m75-0 m75-2\"><div class=\"x-row x-container max width e257-e10 m75-3 m75-5 m75-6 m75-8 m75-9 m75-i m75-j\"><div class=\"x-row-inner\"><div class=\"x-col e257-e11 m75-n\"><hr class=\"x-line e257-e12 m75-x\"\/><\/div><\/div><\/div><div class=\"x-row x-container max width e257-e13 m75-3 m75-4 m75-6 m75-9 m75-a m75-b m75-i m75-k\"><div class=\"x-row-inner\"><div class=\"x-col e257-e14 m75-n m75-o m75-p m75-q\"><a class=\"x-anchor x-anchor-button has-graphic e257-e15 m75-y m75-z m75-10 m75-11\" tabindex=\"0\" href=\"#\" onclick=\"window.open(&#039;http:\/\/www.linkedin.com\/shareArticle?mini=true&amp;url=https%3A%2F%2Fsueddeutsche.grc-media.com%2Ffinanzvergleich%2Fwp-json%2Fwp%2Fv2%2Fpages%2F257&amp;title=Teilen&amp;summary=%5Bcs_content+_p%3D%27257%27%5D%5Bcs_element_section+_id%3D%221%22+%5D%5Bcs_element_layout_row+_id%3D%222%22+%5D%5Bcs_element_layout_column+_id%3D%223%22+%5D%5Bcs_element_headline+_id%3D%224%22+%5D%5Bcs_content_seo%5DDatenschutz+%26+Datenschutzerkl%C3%A4rung%5Cn%5Cn%5B%2Fcs_content_seo%5D%5Bcs_element_text+_id%3D%225%22+%5D%5Bcs_content_seo%5DMit+diesem+Datenschutzhinweis+m%C3%B6chten+wir+Sie+in+%C3%9Cbereinstimmung+mit+der+Allgemeinen+Datenschutzverordnung+%28GDPR%29+dar%C3%BCber+informieren%2C+wie+wir+Ihre+personenbezogenen+Daten+im+Zusammenhang+mit+der+Nutzung+unserer+Webseite+zum+Vergleich+von+Finanzprodukten+und+-dienstleistungen+verarbeiten.+Bitte+nehmen+Sie+sich+einen+Moment+Zeit%2C+um+sich+mit+diesem+Hinweis+vertraut+...+%3Cdiv%3E%3Ca+href%3D%22https%3A%2F%2Fsueddeutsche.grc-media.com%2Ffinanzvergleich%2Fdatenschutz-datenschutzerklarung%2F%22+class%3D%22more-link%22%3ERead+More%3C%2Fa%3E%3C%2Fdiv%3E&amp;source=S%C3%BCddeutsche+Zeitung+Finanzvergleich&#039;, &#039;popupLinkedIn&#039;, &#039;width=610, height=480, resizable=0, toolbar=0, menubar=0, status=0, location=0, scrollbars=0&#039;); return false;\"><div class=\"x-anchor-content\"><span class=\"x-graphic\" aria-hidden=\"true\"><i class=\"x-icon x-graphic-child x-graphic-icon x-graphic-primary\" aria-hidden=\"true\" data-x-icon-o=\"&#xf064;\"><\/i><\/span><\/div><\/a><div class=\"x-text x-content e257-e16 m75-v m75-w\">Teilen<\/div><\/div><div class=\"x-col e257-e17 m75-n m75-o m75-p m75-q\"><a class=\"x-anchor x-anchor-button has-graphic e257-e18 m75-y m75-z m75-10 m75-11\" tabindex=\"0\" href=\"mailto:contact@grc-media.com\"><div class=\"x-anchor-content\"><span class=\"x-graphic\" aria-hidden=\"true\"><i class=\"x-icon x-graphic-child x-graphic-icon x-graphic-primary\" aria-hidden=\"true\" data-x-icon-o=\"&#xf4af;\"><\/i><\/span><\/div><\/a><div class=\"x-text x-content e257-e19 m75-v m75-w\">Feedback<\/div><\/div><div class=\"x-col e257-e20 m75-n m75-o m75-p m75-r\"><a class=\"x-anchor x-anchor-button e257-e21 m75-z m75-10 m75-12 m75-13\" tabindex=\"0\" href=\"https:\/\/sueddeutsche.grc-media.com\/finanzvergleich\"><div class=\"x-anchor-content\"><div class=\"x-anchor-text\"><span class=\"x-anchor-text-primary\">Zur Startseite<\/span><\/div><\/div><\/a><\/div><\/div><\/div><div class=\"x-row x-container max width e257-e22 m75-3 m75-5 m75-6 m75-9 m75-c m75-d m75-i m75-l\"><div class=\"x-row-inner\"><div class=\"x-col e257-e23 m75-n\"><hr class=\"x-line e257-e24 m75-x\"\/><\/div><\/div><\/div><div class=\"x-row e257-e25 m75-3 m75-7 m75-b m75-d m75-e m75-f m75-m\"><div class=\"x-row-inner\"><div class=\"x-col e257-e26 m75-n m75-o m75-q m75-s\"><a class=\"x-anchor x-anchor-button e257-e27 m75-z m75-11 m75-12 m75-14\" tabindex=\"0\" href=\"https:\/\/www.sueddeutsche.de\/finanzvergleich\/konto\/\"><div class=\"x-anchor-content\"><div class=\"x-anchor-text\"><span class=\"x-anchor-text-primary\">Konto<\/span><\/div><\/div><\/a><a class=\"x-anchor x-anchor-button e257-e28 m75-z m75-11 m75-12 m75-14\" tabindex=\"0\" href=\"https:\/\/www.sueddeutsche.de\/finanzvergleich\/kreditvergleich\/\"><div class=\"x-anchor-content\"><div class=\"x-anchor-text\"><span class=\"x-anchor-text-primary\">Kreditvergleich<\/span><\/div><\/div><\/a><a class=\"x-anchor x-anchor-button e257-e29 m75-z m75-11 m75-12 m75-14\" tabindex=\"0\" href=\"https:\/\/www.sueddeutsche.de\/finanzvergleich\/kreditkarten-vergleich\/\"><div class=\"x-anchor-content\"><div class=\"x-anchor-text\"><span class=\"x-anchor-text-primary\">Kreditkarte<\/span><\/div><\/div><\/a><\/div><\/div><\/div><\/div><\/div><\/div><\/div><\/div><\/div>\n","protected":false},"excerpt":{"rendered":"<p>Datenschutz &#038; Datenschutzerkl\u00e4rung Mit diesem Datenschutzhinweis m\u00f6chten wir Sie in \u00dcbereinstimmung mit der Allgemeinen Datenschutzverordnung (GDPR) dar\u00fcber informieren, wie wir Ihre personenbezogenen Daten im Zusammenhang mit der Nutzung unserer Webseite zum Vergleich von Finanzprodukten und -dienstleistungen verarbeiten. Bitte nehmen Sie sich einen Moment Zeit, um sich mit diesem Hinweis vertraut zu machen. Name und Kontaktdaten des Verantwortlichen Verantwortlicher f\u00fcr die &#8230; <\/p>\n<div><a href=\"https:\/\/sueddeutsche.grc-media.com\/finanzvergleich\/datenschutz-datenschutzerklarung\/\" class=\"more-link\">Read More<\/a><\/div>\n","protected":false},"author":2,"featured_media":0,"parent":0,"menu_order":0,"comment_status":"closed","ping_status":"closed","template":"template-blank-4.php","meta":{"footnotes":""},"class_list":["post-257","page","type-page","status-publish","hentry","no-post-thumbnail"],"yoast_head":"<!-- This site is optimized with the Yoast SEO plugin v27.5 - https:\/\/yoast.com\/product\/yoast-seo-wordpress\/ -->\n<title>Datenschutz &amp; Datenschutzerkl\u00e4rung - S\u00fcddeutsche Zeitung Finanzvergleich<\/title>\n<meta name=\"robots\" content=\"index, follow, max-snippet:-1, max-image-preview:large, max-video-preview:-1\" \/>\n<link rel=\"canonical\" href=\"https:\/\/www.sueddeutsche.de\/finanzvergleich\/datenschutz-datenschutzerklarung\/\" \/>\n<meta property=\"og:locale\" content=\"de_DE\" \/>\n<meta property=\"og:type\" content=\"article\" \/>\n<meta property=\"og:title\" content=\"Datenschutz &amp; Datenschutzerkl\u00e4rung - S\u00fcddeutsche Zeitung Finanzvergleich\" \/>\n<meta property=\"og:description\" content=\"Datenschutz &amp; Datenschutzerkl\u00e4rung Mit diesem Datenschutzhinweis m\u00f6chten wir Sie in \u00dcbereinstimmung mit der Allgemeinen Datenschutzverordnung (GDPR) dar\u00fcber informieren, wie wir Ihre personenbezogenen Daten im Zusammenhang mit der Nutzung unserer Webseite zum Vergleich von Finanzprodukten und -dienstleistungen verarbeiten. Bitte nehmen Sie sich einen Moment Zeit, um sich mit diesem Hinweis vertraut zu machen. Name und Kontaktdaten des Verantwortlichen Verantwortlicher f\u00fcr die ... Read More\" \/>\n<meta property=\"og:url\" content=\"https:\/\/www.sueddeutsche.de\/finanzvergleich\/datenschutz-datenschutzerklarung\/\" \/>\n<meta property=\"og:site_name\" content=\"S\u00fcddeutsche Zeitung Finanzvergleich\" \/>\n<meta property=\"article:modified_time\" content=\"2025-12-01T11:44:48+00:00\" \/>\n<meta name=\"twitter:card\" content=\"summary_large_image\" \/>\n<meta name=\"twitter:label1\" content=\"Gesch\u00e4tzte Lesezeit\" \/>\n\t<meta name=\"twitter:data1\" content=\"8\u00a0Minuten\" \/>\n<script type=\"application\/ld+json\" class=\"yoast-schema-graph\">{\"@context\":\"https:\\\/\\\/schema.org\",\"@graph\":[{\"@type\":\"WebPage\",\"@id\":\"https:\\\/\\\/www.sueddeutsche.de\\\/finanzvergleich\\\/datenschutz-datenschutzerklarung\\\/\",\"url\":\"https:\\\/\\\/www.sueddeutsche.de\\\/finanzvergleich\\\/datenschutz-datenschutzerklarung\\\/\",\"name\":\"Datenschutz & Datenschutzerkl\u00e4rung - S\u00fcddeutsche Zeitung Finanzvergleich\",\"isPartOf\":{\"@id\":\"https:\\\/\\\/www.sueddeutsche.de\\\/finanzvergleich\\\/#website\"},\"datePublished\":\"2025-03-06T08:47:25+00:00\",\"dateModified\":\"2025-12-01T11:44:48+00:00\",\"breadcrumb\":{\"@id\":\"https:\\\/\\\/www.sueddeutsche.de\\\/finanzvergleich\\\/datenschutz-datenschutzerklarung\\\/#breadcrumb\"},\"inLanguage\":\"de\",\"potentialAction\":[{\"@type\":\"ReadAction\",\"target\":[\"https:\\\/\\\/www.sueddeutsche.de\\\/finanzvergleich\\\/datenschutz-datenschutzerklarung\\\/\"]}]},{\"@type\":\"BreadcrumbList\",\"@id\":\"https:\\\/\\\/www.sueddeutsche.de\\\/finanzvergleich\\\/datenschutz-datenschutzerklarung\\\/#breadcrumb\",\"itemListElement\":[{\"@type\":\"ListItem\",\"position\":1,\"name\":\"Startseite\",\"item\":\"https:\\\/\\\/www.sueddeutsche.de\\\/finanzvergleich\\\/\"},{\"@type\":\"ListItem\",\"position\":2,\"name\":\"Datenschutz &#038; Datenschutzerkl\u00e4rung\"}]},{\"@type\":\"WebSite\",\"@id\":\"https:\\\/\\\/www.sueddeutsche.de\\\/finanzvergleich\\\/#website\",\"url\":\"https:\\\/\\\/www.sueddeutsche.de\\\/finanzvergleich\\\/\",\"name\":\"S\u00fcddeutsche Zeitung Finanzvergleich\",\"description\":\"\",\"potentialAction\":[{\"@type\":\"SearchAction\",\"target\":{\"@type\":\"EntryPoint\",\"urlTemplate\":\"https:\\\/\\\/www.sueddeutsche.de\\\/finanzvergleich\\\/?s={search_term_string}\"},\"query-input\":{\"@type\":\"PropertyValueSpecification\",\"valueRequired\":true,\"valueName\":\"search_term_string\"}}],\"inLanguage\":\"de\"}]}<\/script>\n<!-- \/ Yoast SEO plugin. -->","yoast_head_json":{"title":"Datenschutz & Datenschutzerkl\u00e4rung - S\u00fcddeutsche Zeitung Finanzvergleich","robots":{"index":"index","follow":"follow","max-snippet":"max-snippet:-1","max-image-preview":"max-image-preview:large","max-video-preview":"max-video-preview:-1"},"canonical":"https:\/\/www.sueddeutsche.de\/finanzvergleich\/datenschutz-datenschutzerklarung\/","og_locale":"de_DE","og_type":"article","og_title":"Datenschutz & Datenschutzerkl\u00e4rung - S\u00fcddeutsche Zeitung Finanzvergleich","og_description":"Datenschutz & Datenschutzerkl\u00e4rung Mit diesem Datenschutzhinweis m\u00f6chten wir Sie in \u00dcbereinstimmung mit der Allgemeinen Datenschutzverordnung (GDPR) dar\u00fcber informieren, wie wir Ihre personenbezogenen Daten im Zusammenhang mit der Nutzung unserer Webseite zum Vergleich von Finanzprodukten und -dienstleistungen verarbeiten. Bitte nehmen Sie sich einen Moment Zeit, um sich mit diesem Hinweis vertraut zu machen. Name und Kontaktdaten des Verantwortlichen Verantwortlicher f\u00fcr die ... Read More","og_url":"https:\/\/www.sueddeutsche.de\/finanzvergleich\/datenschutz-datenschutzerklarung\/","og_site_name":"S\u00fcddeutsche Zeitung Finanzvergleich","article_modified_time":"2025-12-01T11:44:48+00:00","twitter_card":"summary_large_image","twitter_misc":{"Gesch\u00e4tzte Lesezeit":"8\u00a0Minuten"},"schema":{"@context":"https:\/\/schema.org","@graph":[{"@type":"WebPage","@id":"https:\/\/www.sueddeutsche.de\/finanzvergleich\/datenschutz-datenschutzerklarung\/","url":"https:\/\/www.sueddeutsche.de\/finanzvergleich\/datenschutz-datenschutzerklarung\/","name":"Datenschutz & Datenschutzerkl\u00e4rung - S\u00fcddeutsche Zeitung Finanzvergleich","isPartOf":{"@id":"https:\/\/www.sueddeutsche.de\/finanzvergleich\/#website"},"datePublished":"2025-03-06T08:47:25+00:00","dateModified":"2025-12-01T11:44:48+00:00","breadcrumb":{"@id":"https:\/\/www.sueddeutsche.de\/finanzvergleich\/datenschutz-datenschutzerklarung\/#breadcrumb"},"inLanguage":"de","potentialAction":[{"@type":"ReadAction","target":["https:\/\/www.sueddeutsche.de\/finanzvergleich\/datenschutz-datenschutzerklarung\/"]}]},{"@type":"BreadcrumbList","@id":"https:\/\/www.sueddeutsche.de\/finanzvergleich\/datenschutz-datenschutzerklarung\/#breadcrumb","itemListElement":[{"@type":"ListItem","position":1,"name":"Startseite","item":"https:\/\/www.sueddeutsche.de\/finanzvergleich\/"},{"@type":"ListItem","position":2,"name":"Datenschutz &#038; Datenschutzerkl\u00e4rung"}]},{"@type":"WebSite","@id":"https:\/\/www.sueddeutsche.de\/finanzvergleich\/#website","url":"https:\/\/www.sueddeutsche.de\/finanzvergleich\/","name":"S\u00fcddeutsche Zeitung Finanzvergleich","description":"","potentialAction":[{"@type":"SearchAction","target":{"@type":"EntryPoint","urlTemplate":"https:\/\/www.sueddeutsche.de\/finanzvergleich\/?s={search_term_string}"},"query-input":{"@type":"PropertyValueSpecification","valueRequired":true,"valueName":"search_term_string"}}],"inLanguage":"de"}]}},"_links":{"self":[{"href":"https:\/\/sueddeutsche.grc-media.com\/finanzvergleich\/wp-json\/wp\/v2\/pages\/257","targetHints":{"allow":["GET"]}}],"collection":[{"href":"https:\/\/sueddeutsche.grc-media.com\/finanzvergleich\/wp-json\/wp\/v2\/pages"}],"about":[{"href":"https:\/\/sueddeutsche.grc-media.com\/finanzvergleich\/wp-json\/wp\/v2\/types\/page"}],"author":[{"embeddable":true,"href":"https:\/\/sueddeutsche.grc-media.com\/finanzvergleich\/wp-json\/wp\/v2\/users\/2"}],"replies":[{"embeddable":true,"href":"https:\/\/sueddeutsche.grc-media.com\/finanzvergleich\/wp-json\/wp\/v2\/comments?post=257"}],"version-history":[{"count":0,"href":"https:\/\/sueddeutsche.grc-media.com\/finanzvergleich\/wp-json\/wp\/v2\/pages\/257\/revisions"}],"wp:attachment":[{"href":"https:\/\/sueddeutsche.grc-media.com\/finanzvergleich\/wp-json\/wp\/v2\/media?parent=257"}],"curies":[{"name":"wp","href":"https:\/\/api.w.org\/{rel}","templated":true}]}}