{"id":262,"date":"2025-03-06T08:49:50","date_gmt":"2025-03-06T08:49:50","guid":{"rendered":"https:\/\/sueddeutsche-edit.grc-media.com\/?page_id=262"},"modified":"2025-12-01T12:06:27","modified_gmt":"2025-12-01T12:06:27","slug":"uber-uns","status":"publish","type":"page","link":"https:\/\/sueddeutsche.grc-media.com\/finanzvergleich\/uber-uns\/","title":{"rendered":"\u00dcber uns"},"content":{"rendered":"<div id=\"cs-content\" class=\"cs-content\"><div class=\"x-section e262-e1 m7a-0 m7a-1\"><div class=\"x-row x-container max width e262-e2 m7a-4 m7a-5 m7a-6 m7a-7 m7a-8 m7a-9 m7a-l m7a-m\"><div class=\"x-row-inner\"><div class=\"x-col e262-e3 m7a-x\"><div class=\"x-text x-text-headline e262-e4 m7a-16 m7a-17 m7a-18 m7a-19 m7a-1a\"><div class=\"x-text-content\"><div class=\"x-text-content-text\"><h1 class=\"x-text-content-text-primary\">\u00dcber uns<\/h1>\n<\/div><\/div><\/div><div class=\"x-text x-content e262-e5 m7a-1h m7a-1i m7a-1j m7a-1k\">Wir sind ein f\u00fchrendes Online-Vergleichsportal, das Ihnen hilft, die besten Finanzprodukte f\u00fcr Ihre individuellen Bed\u00fcrfnisse zu finden. Unser Ziel ist es, Ihnen fundierte und transparente Informationen bereitzustellen, damit Sie die richtigen Entscheidungen f\u00fcr Ihre finanzielle Zukunft treffen k\u00f6nnen.<\/div><div class=\"x-row e262-e6 m7a-4 m7a-6 m7a-8 m7a-a m7a-b m7a-c m7a-n m7a-o\"><div class=\"x-row-inner\"><div class=\"x-col e262-e7 m7a-x\"><div class=\"x-text x-text-headline e262-e8 m7a-17 m7a-18 m7a-19 m7a-1b m7a-1c m7a-1d m7a-1e\"><div class=\"x-text-content\"><div class=\"x-text-content-text\"><h2 class=\"x-text-content-text-primary\">Was wir tun<\/h2>\n<\/div><\/div><\/div><ul class=\"x-row e262-e9 m7a-4 m7a-6 m7a-7 m7a-8 m7a-a m7a-d m7a-e m7a-p m7a-q\"><div class=\"x-row-inner\"><li class=\"x-col e262-e10 m7a-x m7a-y m7a-z m7a-10\"><figure class=\"x-div e262-e11 m7a-1o m7a-1p\"><i class=\"x-icon e262-e12 m7a-1r\" aria-hidden=\"true\" data-x-icon-s=\"&#xf336;\"><\/i><\/figure><div class=\"x-div e262-e13 m7a-1p m7a-1q m7a-3 x-effect-exit\" data-x-effect=\"{&quot;scroll&quot;:true,&quot;offsetTop&quot;:&quot;10%&quot;,&quot;offsetBottom&quot;:&quot;15%&quot;,&quot;behaviorScroll&quot;:&quot;fire-once&quot;}\"><div class=\"x-text x-content e262-e14 m7a-1j m7a-1k m7a-1l m7a-1m\"><strong>Tiefgr\u00fcndige Analyse:<\/strong> Nach sorgf\u00e4ltiger Pr\u00fcfung zahlreicher Finanzunternehmen und -dienstleistungen pr\u00e4sentieren wir Ihnen nur die Spitzenreiter des Marktes.<\/div><\/div><\/li><li class=\"x-col e262-e15 m7a-x m7a-y m7a-z m7a-10\"><figure class=\"x-div e262-e16 m7a-1o m7a-1p\"><i class=\"x-icon e262-e17 m7a-1r\" aria-hidden=\"true\" data-x-icon-s=\"&#xf336;\"><\/i><\/figure><div class=\"x-div e262-e18 m7a-1p m7a-1q m7a-3 x-effect-exit\" data-x-effect=\"{&quot;scroll&quot;:true,&quot;offsetTop&quot;:&quot;10%&quot;,&quot;offsetBottom&quot;:&quot;15%&quot;,&quot;behaviorScroll&quot;:&quot;fire-once&quot;}\"><div class=\"x-text x-content e262-e19 m7a-1j m7a-1k m7a-1l m7a-1m\"><strong>Partnerschaft mit Spitzenunternehmen:<\/strong> Unsere Zusammenarbeit mit f\u00fchrenden Unternehmen garantiert Ihnen Zugriff auf die vertrauensw\u00fcrdigsten Anbieter mit erstklassigen Konditionen.<\/div><\/div><\/li><li class=\"x-col e262-e20 m7a-x m7a-y m7a-z m7a-10\"><figure class=\"x-div e262-e21 m7a-1o m7a-1p\"><i class=\"x-icon e262-e22 m7a-1r\" aria-hidden=\"true\" data-x-icon-s=\"&#xf336;\"><\/i><\/figure><div class=\"x-div e262-e23 m7a-1p m7a-1q m7a-3 x-effect-exit\" data-x-effect=\"{&quot;scroll&quot;:true,&quot;offsetTop&quot;:&quot;10%&quot;,&quot;offsetBottom&quot;:&quot;15%&quot;,&quot;behaviorScroll&quot;:&quot;fire-once&quot;}\"><div class=\"x-text x-content e262-e24 m7a-1j m7a-1k m7a-1l m7a-1m\"><strong>Verl\u00e4ssliche Informationen:<\/strong> Unser Team stellt alle essenziellen Informationen bereit, damit Sie finanzielle Entscheidungen treffen, die perfekt auf Ihre Bed\u00fcrfnisse und Ziele abgestimmt sind.<\/div><\/div><\/li><li class=\"x-col e262-e25 m7a-x m7a-y m7a-z m7a-10\"><figure class=\"x-div e262-e26 m7a-1o m7a-1p\"><i class=\"x-icon e262-e27 m7a-1r\" aria-hidden=\"true\" data-x-icon-s=\"&#xf336;\"><\/i><\/figure><div class=\"x-div e262-e28 m7a-1p m7a-1q m7a-3 x-effect-exit\" data-x-effect=\"{&quot;scroll&quot;:true,&quot;offsetTop&quot;:&quot;10%&quot;,&quot;offsetBottom&quot;:&quot;15%&quot;,&quot;behaviorScroll&quot;:&quot;fire-once&quot;}\"><div class=\"x-text x-content e262-e29 m7a-1j m7a-1k m7a-1l m7a-1m\"><strong>Redaktionelle Integrit\u00e4t:<\/strong> Unser Team handelt eigenst\u00e4ndig und neutral. Unsere Beurteilungen und Ranglisten st\u00fctzen sich auf eine sorgf\u00e4ltige Methodik, die allein durch unsere Redaktion bestimmt wird. Dabei setzen wir auf gr\u00fcndliche Untersuchungen und Datenbewertungen und nutzen unser Expertenwissen, um die Resultate f\u00fcr Sie verst\u00e4ndlich zu machen.<\/div><\/div><\/li><\/div><\/ul><div class=\"x-text x-text-headline e262-e30 m7a-17 m7a-18 m7a-19 m7a-1a m7a-1b m7a-1c m7a-1d\"><div class=\"x-text-content\"><div class=\"x-text-content-text\"><h2 class=\"x-text-content-text-primary\">Unsere Mission<\/h2>\n<\/div><\/div><\/div><ul class=\"x-row e262-e31 m7a-4 m7a-6 m7a-7 m7a-8 m7a-a m7a-e m7a-f m7a-p m7a-r\"><div class=\"x-row-inner\"><li class=\"x-col e262-e32 m7a-x m7a-y m7a-z m7a-10\"><figure class=\"x-div e262-e33 m7a-1o m7a-1p\"><i class=\"x-icon e262-e34 m7a-1r\" aria-hidden=\"true\" data-x-icon-s=\"&#xf648;\"><\/i><\/figure><div class=\"x-div e262-e35 m7a-1p m7a-1q m7a-3 x-effect-exit\" data-x-effect=\"{&quot;scroll&quot;:true,&quot;offsetTop&quot;:&quot;10%&quot;,&quot;offsetBottom&quot;:&quot;15%&quot;,&quot;behaviorScroll&quot;:&quot;fire-once&quot;}\"><div class=\"x-text x-content e262-e36 m7a-1j m7a-1k m7a-1l m7a-1m\"><strong>Zuverl\u00e4ssigkeit:<\/strong> In unserer modernen Welt ist es wertvoll, vertrauensw\u00fcrdige Partner an der Seite zu wissen, besonders in finanziellen Belangen. Wir setzen alles daran, Ihnen nicht nur erstklassige Finanzl\u00f6sungen zu bieten, sondern auch daf\u00fcr zu sorgen, dass Sie sich auf jeden Schritt Ihres finanziellen Weges gut begleitet und informiert f\u00fchlen.<\/div><\/div><\/li><li class=\"x-col e262-e37 m7a-x m7a-y m7a-z m7a-10\"><figure class=\"x-div e262-e38 m7a-1o m7a-1p\"><i class=\"x-icon e262-e39 m7a-1r\" aria-hidden=\"true\" data-x-icon-s=\"&#xf648;\"><\/i><\/figure><div class=\"x-div e262-e40 m7a-1p m7a-1q m7a-3 x-effect-exit\" data-x-effect=\"{&quot;scroll&quot;:true,&quot;offsetTop&quot;:&quot;10%&quot;,&quot;offsetBottom&quot;:&quot;15%&quot;,&quot;behaviorScroll&quot;:&quot;fire-once&quot;}\"><div class=\"x-text x-content e262-e41 m7a-1j m7a-1k m7a-1l m7a-1m\"><strong>Freiheit der Wahl: <\/strong>Bei uns finden Sie eine vielf\u00e4ltige Produktauswahl, die genau auf Ihre Bed\u00fcrfnisse zugeschnitten ist, und das ganz ohne Kosten oder Verpflichtungen f\u00fcr Sie.<\/div><\/div><\/li><li class=\"x-col e262-e42 m7a-x m7a-y m7a-z m7a-10\"><figure class=\"x-div e262-e43 m7a-1o m7a-1p\"><i class=\"x-icon e262-e44 m7a-1r\" aria-hidden=\"true\" data-x-icon-s=\"&#xf648;\"><\/i><\/figure><div class=\"x-div e262-e45 m7a-1p m7a-1q m7a-3 x-effect-exit\" data-x-effect=\"{&quot;scroll&quot;:true,&quot;offsetTop&quot;:&quot;10%&quot;,&quot;offsetBottom&quot;:&quot;15%&quot;,&quot;behaviorScroll&quot;:&quot;fire-once&quot;}\"><div class=\"x-text x-content e262-e46 m7a-1j m7a-1k m7a-1l m7a-1m\"><strong>Effizienz:<\/strong> Mit unserem fundierten Wissen und unseren detaillierten Recherchen sind Sie bestens ausgestattet, um informierte und kluge Finanzentscheidungen zu treffen.<\/div><\/div><\/li><\/div><\/ul><\/div><\/div><\/div><div class=\"x-text x-text-headline e262-e47 m7a-18 m7a-19 m7a-1d m7a-1e m7a-1f\"><div class=\"x-text-content\"><div class=\"x-text-content-text\"><h2 class=\"x-text-content-text-primary\">Redaktion<\/h2>\n<\/div><\/div><\/div><div class=\"x-text x-text-headline has-graphic e262-e48 m7a-17 m7a-18 m7a-1b m7a-1g\"><div class=\"x-text-content\"><span class=\"x-graphic\" aria-hidden=\"true\"><span class=\"x-image x-graphic-child x-graphic-image x-graphic-primary\"><img decoding=\"async\" src=\"https:\/\/sueddeutsche.grc-media.com\/finanzvergleich\/wp-content\/uploads\/2025\/10\/Amalia_U\u0308ber_uns.png\" width=\"540\" height=\"540\" alt=\"Image\" loading=\"lazy\"><\/span><\/span><div class=\"x-text-content-text\"><p class=\"x-text-content-text-primary\">Amalia Alibaev<\/p>\n<span class=\"x-text-content-text-subheadline\">Amalia Alibaev hat in Br\u00fcssel Politikwissenschaften studiert und anschlie\u00dfend im Wiener Fintech-Sektor gearbeitet. Ihr tiefgreifendes Interesse an Geldthemen und Finanzprodukten, insbesondere in Deutschland, hat sie zu einer Expertin auf diesem Gebiet werden lassen. Ihre St\u00e4rke liegt in der F\u00e4higkeit, komplexe Finanzbegriffe klar und direkt zu kommunizieren. Mit ihrer Erfahrung unterst\u00fctzt sie unser Team dabei, Finanzvergleiche transparent und verst\u00e4ndlich zu gestalten.<\/span><\/div><\/div><\/div><\/div><\/div><\/div><\/div><div class=\"x-section e262-e49 m7a-0 m7a-2\"><div class=\"x-row e262-e50 m7a-4 m7a-5 m7a-6 m7a-7 m7a-8 m7a-9 m7a-l m7a-s\"><div class=\"x-row-inner\"><div class=\"x-col e262-e51 m7a-x\"><div class=\"x-section e262-e52 m7a-0 m7a-2\"><div class=\"x-row x-container max width e262-e53 m7a-4 m7a-6 m7a-7 m7a-8 m7a-a m7a-c m7a-d m7a-g m7a-n m7a-t\"><div class=\"x-row-inner\"><div class=\"x-col e262-e54 m7a-x\"><hr class=\"x-line e262-e55 m7a-1s\"\/><\/div><\/div><\/div><div class=\"x-row x-container max width e262-e56 m7a-4 m7a-5 m7a-7 m7a-8 m7a-c m7a-g m7a-h m7a-i m7a-n m7a-u\"><div class=\"x-row-inner\"><div class=\"x-col e262-e57 m7a-x m7a-y m7a-11 m7a-12 m7a-13\"><a class=\"x-anchor x-anchor-button has-graphic e262-e58 m7a-1t m7a-1u m7a-1v m7a-1w\" tabindex=\"0\" href=\"#\" onclick=\"window.open(&#039;http:\/\/www.linkedin.com\/shareArticle?mini=true&amp;url=https%3A%2F%2Fsueddeutsche.grc-media.com%2Ffinanzvergleich%2Fwp-json%2Fwp%2Fv2%2Fpages%2F262&amp;title=Teilen&amp;summary=%5Bcs_content+_p%3D%27262%27%5D%5Bcs_element_section+_id%3D%221%22+%5D%5Bcs_element_layout_row+_id%3D%222%22+%5D%5Bcs_element_layout_column+_id%3D%223%22+%5D%5Bcs_element_headline+_id%3D%224%22+%5D%5Bcs_content_seo%5D%C3%9Cber+uns%5Cn%5Cn%5B%2Fcs_content_seo%5D%5Bcs_element_text+_id%3D%225%22+%5D%5Bcs_content_seo%5DWir+sind+ein+f%C3%BChrendes+Online-Vergleichsportal%2C+das+Ihnen+hilft%2C+die+besten+Finanzprodukte+f%C3%BCr+Ihre+individuellen+Bed%C3%BCrfnisse+zu+finden.+Unser+Ziel+ist+es%2C+Ihnen+fundierte+und+transparente+Informationen+bereitzustellen%2C+damit+Sie+die+richtigen+Entscheidungen+f%C3%BCr+Ihre+finanzielle+Zukunft+treffen+k%C3%B6nnen.%5Cn%5Cn%5B%2Fcs_content_seo%5D%5Bcs_element_layout_row_2+_id%3D%226%22+%5D%5Bcs_element_layout_column_2+_id%3D%227%22+%5D%5Bcs_element_headline+_id%3D%228%22+%5D%5Bcs_content_seo%5DWas+wir+tun%5Cn%5Cn%5B%2Fcs_content_seo%5D%5Bcs_element_layout_row_3+_id%3D%229%22+%5D%5Bcs_element_layout_column_3+...+%3Cdiv%3E%3Ca+href%3D%22https%3A%2F%2Fsueddeutsche.grc-media.com%2Ffinanzvergleich%2Fuber-uns%2F%22+class%3D%22more-link%22%3ERead+More%3C%2Fa%3E%3C%2Fdiv%3E&amp;source=S%C3%BCddeutsche+Zeitung+Finanzvergleich&#039;, &#039;popupLinkedIn&#039;, &#039;width=610, height=480, resizable=0, toolbar=0, menubar=0, status=0, location=0, scrollbars=0&#039;); return false;\"><div class=\"x-anchor-content\"><span class=\"x-graphic\" aria-hidden=\"true\"><i class=\"x-icon x-graphic-child x-graphic-icon x-graphic-primary\" aria-hidden=\"true\" data-x-icon-o=\"&#xf064;\"><\/i><\/span><\/div><\/a><div class=\"x-text x-content e262-e59 m7a-1i m7a-1j m7a-1m m7a-1n\">Teilen<\/div><\/div><div class=\"x-col e262-e60 m7a-x m7a-y m7a-11 m7a-12 m7a-13\"><a class=\"x-anchor x-anchor-button has-graphic e262-e61 m7a-1t m7a-1u m7a-1v m7a-1w\" tabindex=\"0\" href=\"mailto:contact@grc-media.com\"><div class=\"x-anchor-content\"><span class=\"x-graphic\" aria-hidden=\"true\"><i class=\"x-icon x-graphic-child x-graphic-icon x-graphic-primary\" aria-hidden=\"true\" data-x-icon-o=\"&#xf4af;\"><\/i><\/span><\/div><\/a><div class=\"x-text x-content e262-e62 m7a-1i m7a-1j m7a-1m m7a-1n\">Feedback<\/div><\/div><div class=\"x-col e262-e63 m7a-x m7a-y m7a-11 m7a-12 m7a-14\"><a class=\"x-anchor x-anchor-button e262-e64 m7a-1u m7a-1v m7a-1x m7a-1y\" tabindex=\"0\" href=\"https:\/\/sueddeutsche.grc-media.com\/finanzvergleich\"><div class=\"x-anchor-content\"><div class=\"x-anchor-text\"><span class=\"x-anchor-text-primary\">Zur Startseite<\/span><\/div><\/div><\/a><\/div><\/div><\/div><div class=\"x-row x-container max width e262-e65 m7a-4 m7a-6 m7a-7 m7a-8 m7a-c m7a-f m7a-g m7a-j m7a-n m7a-v\"><div class=\"x-row-inner\"><div class=\"x-col e262-e66 m7a-x\"><hr class=\"x-line e262-e67 m7a-1s\"\/><\/div><\/div><\/div><div class=\"x-row e262-e68 m7a-4 m7a-7 m7a-9 m7a-f m7a-i m7a-k m7a-l m7a-w\"><div class=\"x-row-inner\"><div class=\"x-col e262-e69 m7a-x m7a-y m7a-z m7a-12 m7a-13 m7a-15\"><a class=\"x-anchor x-anchor-button e262-e70 m7a-1u m7a-1w m7a-1x m7a-1z\" tabindex=\"0\" href=\"https:\/\/www.sueddeutsche.de\/finanzvergleich\/konto\/\"><div class=\"x-anchor-content\"><div class=\"x-anchor-text\"><span class=\"x-anchor-text-primary\">Konto<\/span><\/div><\/div><\/a><a class=\"x-anchor x-anchor-button e262-e71 m7a-1u m7a-1w m7a-1x m7a-1z\" tabindex=\"0\" href=\"https:\/\/www.sueddeutsche.de\/finanzvergleich\/kreditvergleich\/\"><div class=\"x-anchor-content\"><div class=\"x-anchor-text\"><span class=\"x-anchor-text-primary\">Kreditvergleich<\/span><\/div><\/div><\/a><a class=\"x-anchor x-anchor-button e262-e72 m7a-1u m7a-1w m7a-1x m7a-1z\" tabindex=\"0\" href=\"https:\/\/www.sueddeutsche.de\/finanzvergleich\/kreditkarten-vergleich\/\"><div class=\"x-anchor-content\"><div class=\"x-anchor-text\"><span class=\"x-anchor-text-primary\">Kreditkarte<\/span><\/div><\/div><\/a><\/div><\/div><\/div><\/div><\/div><\/div><\/div><\/div><\/div>\n","protected":false},"excerpt":{"rendered":"<p>\u00dcber uns Wir sind ein f\u00fchrendes Online-Vergleichsportal, das Ihnen hilft, die besten Finanzprodukte f\u00fcr Ihre individuellen Bed\u00fcrfnisse zu finden. Unser Ziel ist es, Ihnen fundierte und transparente Informationen bereitzustellen, damit Sie die richtigen Entscheidungen f\u00fcr Ihre finanzielle Zukunft treffen k\u00f6nnen.Was wir tun Tiefgr\u00fcndige Analyse: Nach sorgf\u00e4ltiger Pr\u00fcfung zahlreicher Finanzunternehmen und -dienstleistungen pr\u00e4sentieren wir Ihnen nur die Spitzenreiter des Marktes.Partnerschaft mit &#8230; <\/p>\n<div><a href=\"https:\/\/sueddeutsche.grc-media.com\/finanzvergleich\/uber-uns\/\" class=\"more-link\">Read More<\/a><\/div>\n","protected":false},"author":2,"featured_media":0,"parent":0,"menu_order":0,"comment_status":"closed","ping_status":"closed","template":"template-blank-4.php","meta":{"footnotes":""},"class_list":["post-262","page","type-page","status-publish","hentry","no-post-thumbnail"],"yoast_head":"<!-- This site is optimized with the Yoast SEO plugin v27.5 - https:\/\/yoast.com\/product\/yoast-seo-wordpress\/ -->\n<title>\u00dcber uns - S\u00fcddeutsche Zeitung Finanzvergleich<\/title>\n<meta name=\"robots\" content=\"index, follow, max-snippet:-1, max-image-preview:large, max-video-preview:-1\" \/>\n<link rel=\"canonical\" href=\"https:\/\/www.sueddeutsche.de\/finanzvergleich\/uber-uns\/\" \/>\n<meta property=\"og:locale\" content=\"de_DE\" \/>\n<meta property=\"og:type\" content=\"article\" \/>\n<meta property=\"og:title\" content=\"\u00dcber uns - S\u00fcddeutsche Zeitung Finanzvergleich\" \/>\n<meta property=\"og:description\" content=\"\u00dcber uns Wir sind ein f\u00fchrendes Online-Vergleichsportal, das Ihnen hilft, die besten Finanzprodukte f\u00fcr Ihre individuellen Bed\u00fcrfnisse zu finden. Unser Ziel ist es, Ihnen fundierte und transparente Informationen bereitzustellen, damit Sie die richtigen Entscheidungen f\u00fcr Ihre finanzielle Zukunft treffen k\u00f6nnen.Was wir tun Tiefgr\u00fcndige Analyse: Nach sorgf\u00e4ltiger Pr\u00fcfung zahlreicher Finanzunternehmen und -dienstleistungen pr\u00e4sentieren wir Ihnen nur die Spitzenreiter des Marktes.Partnerschaft mit ... Read More\" \/>\n<meta property=\"og:url\" content=\"https:\/\/www.sueddeutsche.de\/finanzvergleich\/uber-uns\/\" \/>\n<meta property=\"og:site_name\" content=\"S\u00fcddeutsche Zeitung Finanzvergleich\" \/>\n<meta property=\"article:modified_time\" content=\"2025-12-01T12:06:27+00:00\" \/>\n<meta name=\"twitter:card\" content=\"summary_large_image\" \/>\n<meta name=\"twitter:label1\" content=\"Gesch\u00e4tzte Lesezeit\" \/>\n\t<meta name=\"twitter:data1\" content=\"5\u00a0Minuten\" \/>\n<script type=\"application\/ld+json\" class=\"yoast-schema-graph\">{\"@context\":\"https:\\\/\\\/schema.org\",\"@graph\":[{\"@type\":\"WebPage\",\"@id\":\"https:\\\/\\\/www.sueddeutsche.de\\\/finanzvergleich\\\/uber-uns\\\/\",\"url\":\"https:\\\/\\\/www.sueddeutsche.de\\\/finanzvergleich\\\/uber-uns\\\/\",\"name\":\"\u00dcber uns - S\u00fcddeutsche Zeitung Finanzvergleich\",\"isPartOf\":{\"@id\":\"https:\\\/\\\/www.sueddeutsche.de\\\/finanzvergleich\\\/#website\"},\"datePublished\":\"2025-03-06T08:49:50+00:00\",\"dateModified\":\"2025-12-01T12:06:27+00:00\",\"breadcrumb\":{\"@id\":\"https:\\\/\\\/www.sueddeutsche.de\\\/finanzvergleich\\\/uber-uns\\\/#breadcrumb\"},\"inLanguage\":\"de\",\"potentialAction\":[{\"@type\":\"ReadAction\",\"target\":[\"https:\\\/\\\/www.sueddeutsche.de\\\/finanzvergleich\\\/uber-uns\\\/\"]}]},{\"@type\":\"BreadcrumbList\",\"@id\":\"https:\\\/\\\/www.sueddeutsche.de\\\/finanzvergleich\\\/uber-uns\\\/#breadcrumb\",\"itemListElement\":[{\"@type\":\"ListItem\",\"position\":1,\"name\":\"Startseite\",\"item\":\"https:\\\/\\\/www.sueddeutsche.de\\\/finanzvergleich\\\/\"},{\"@type\":\"ListItem\",\"position\":2,\"name\":\"\u00dcber uns\"}]},{\"@type\":\"WebSite\",\"@id\":\"https:\\\/\\\/www.sueddeutsche.de\\\/finanzvergleich\\\/#website\",\"url\":\"https:\\\/\\\/www.sueddeutsche.de\\\/finanzvergleich\\\/\",\"name\":\"S\u00fcddeutsche Zeitung Finanzvergleich\",\"description\":\"\",\"potentialAction\":[{\"@type\":\"SearchAction\",\"target\":{\"@type\":\"EntryPoint\",\"urlTemplate\":\"https:\\\/\\\/www.sueddeutsche.de\\\/finanzvergleich\\\/?s={search_term_string}\"},\"query-input\":{\"@type\":\"PropertyValueSpecification\",\"valueRequired\":true,\"valueName\":\"search_term_string\"}}],\"inLanguage\":\"de\"}]}<\/script>\n<!-- \/ Yoast SEO plugin. -->","yoast_head_json":{"title":"\u00dcber uns - S\u00fcddeutsche Zeitung Finanzvergleich","robots":{"index":"index","follow":"follow","max-snippet":"max-snippet:-1","max-image-preview":"max-image-preview:large","max-video-preview":"max-video-preview:-1"},"canonical":"https:\/\/www.sueddeutsche.de\/finanzvergleich\/uber-uns\/","og_locale":"de_DE","og_type":"article","og_title":"\u00dcber uns - S\u00fcddeutsche Zeitung Finanzvergleich","og_description":"\u00dcber uns Wir sind ein f\u00fchrendes Online-Vergleichsportal, das Ihnen hilft, die besten Finanzprodukte f\u00fcr Ihre individuellen Bed\u00fcrfnisse zu finden. Unser Ziel ist es, Ihnen fundierte und transparente Informationen bereitzustellen, damit Sie die richtigen Entscheidungen f\u00fcr Ihre finanzielle Zukunft treffen k\u00f6nnen.Was wir tun Tiefgr\u00fcndige Analyse: Nach sorgf\u00e4ltiger Pr\u00fcfung zahlreicher Finanzunternehmen und -dienstleistungen pr\u00e4sentieren wir Ihnen nur die Spitzenreiter des Marktes.Partnerschaft mit ... Read More","og_url":"https:\/\/www.sueddeutsche.de\/finanzvergleich\/uber-uns\/","og_site_name":"S\u00fcddeutsche Zeitung Finanzvergleich","article_modified_time":"2025-12-01T12:06:27+00:00","twitter_card":"summary_large_image","twitter_misc":{"Gesch\u00e4tzte Lesezeit":"5\u00a0Minuten"},"schema":{"@context":"https:\/\/schema.org","@graph":[{"@type":"WebPage","@id":"https:\/\/www.sueddeutsche.de\/finanzvergleich\/uber-uns\/","url":"https:\/\/www.sueddeutsche.de\/finanzvergleich\/uber-uns\/","name":"\u00dcber uns - S\u00fcddeutsche Zeitung Finanzvergleich","isPartOf":{"@id":"https:\/\/www.sueddeutsche.de\/finanzvergleich\/#website"},"datePublished":"2025-03-06T08:49:50+00:00","dateModified":"2025-12-01T12:06:27+00:00","breadcrumb":{"@id":"https:\/\/www.sueddeutsche.de\/finanzvergleich\/uber-uns\/#breadcrumb"},"inLanguage":"de","potentialAction":[{"@type":"ReadAction","target":["https:\/\/www.sueddeutsche.de\/finanzvergleich\/uber-uns\/"]}]},{"@type":"BreadcrumbList","@id":"https:\/\/www.sueddeutsche.de\/finanzvergleich\/uber-uns\/#breadcrumb","itemListElement":[{"@type":"ListItem","position":1,"name":"Startseite","item":"https:\/\/www.sueddeutsche.de\/finanzvergleich\/"},{"@type":"ListItem","position":2,"name":"\u00dcber uns"}]},{"@type":"WebSite","@id":"https:\/\/www.sueddeutsche.de\/finanzvergleich\/#website","url":"https:\/\/www.sueddeutsche.de\/finanzvergleich\/","name":"S\u00fcddeutsche Zeitung Finanzvergleich","description":"","potentialAction":[{"@type":"SearchAction","target":{"@type":"EntryPoint","urlTemplate":"https:\/\/www.sueddeutsche.de\/finanzvergleich\/?s={search_term_string}"},"query-input":{"@type":"PropertyValueSpecification","valueRequired":true,"valueName":"search_term_string"}}],"inLanguage":"de"}]}},"_links":{"self":[{"href":"https:\/\/sueddeutsche.grc-media.com\/finanzvergleich\/wp-json\/wp\/v2\/pages\/262","targetHints":{"allow":["GET"]}}],"collection":[{"href":"https:\/\/sueddeutsche.grc-media.com\/finanzvergleich\/wp-json\/wp\/v2\/pages"}],"about":[{"href":"https:\/\/sueddeutsche.grc-media.com\/finanzvergleich\/wp-json\/wp\/v2\/types\/page"}],"author":[{"embeddable":true,"href":"https:\/\/sueddeutsche.grc-media.com\/finanzvergleich\/wp-json\/wp\/v2\/users\/2"}],"replies":[{"embeddable":true,"href":"https:\/\/sueddeutsche.grc-media.com\/finanzvergleich\/wp-json\/wp\/v2\/comments?post=262"}],"version-history":[{"count":0,"href":"https:\/\/sueddeutsche.grc-media.com\/finanzvergleich\/wp-json\/wp\/v2\/pages\/262\/revisions"}],"wp:attachment":[{"href":"https:\/\/sueddeutsche.grc-media.com\/finanzvergleich\/wp-json\/wp\/v2\/media?parent=262"}],"curies":[{"name":"wp","href":"https:\/\/api.w.org\/{rel}","templated":true}]}}